{"id":4453,"date":"2024-06-08T19:54:19","date_gmt":"2024-06-08T19:54:19","guid":{"rendered":"https:\/\/myprogastro.com\/?page_id=4453"},"modified":"2024-06-08T19:56:05","modified_gmt":"2024-06-08T19:56:05","slug":"presentation","status":"publish","type":"page","link":"https:\/\/myprogastro.com\/pt_br\/presentation\/","title":{"rendered":"Presentation"},"content":{"rendered":"<div data-elementor-type=\"wp-page\" data-elementor-id=\"4453\" class=\"elementor elementor-4453\" data-elementor-post-type=\"page\">\n\t\t\t\t\t\t<section class=\"elementor-section elementor-top-section elementor-element elementor-element-2eb824ac elementor-section-height-min-height elementor-section-boxed elementor-section-height-default elementor-section-items-middle\" data-id=\"2eb824ac\" data-element_type=\"section\" data-settings=\"{&quot;background_background&quot;:&quot;gradient&quot;,&quot;shape_divider_bottom&quot;:&quot;waves&quot;}\">\n\t\t\t\t\t\t\t<div class=\"elementor-background-overlay\"><\/div>\n\t\t\t\t\t\t<div class=\"elementor-shape elementor-shape-bottom\" aria-hidden=\"true\" data-negative=\"false\">\n\t\t\t<svg xmlns=\"http:\/\/www.w3.org\/2000\/svg\" viewbox=\"0 0 1000 100\" preserveaspectratio=\"none\">\n\t<path class=\"elementor-shape-fill\" d=\"M421.9,6.5c22.6-2.5,51.5,0.4,75.5,5.3c23.6,4.9,70.9,23.5,100.5,35.7c75.8,32.2,133.7,44.5,192.6,49.7\tc23.6,2.1,48.7,3.5,103.4-2.5c54.7-6,106.2-25.6,106.2-25.6V0H0v30.3c0,0,72,32.6,158.4,30.5c39.2-0.7,92.8-6.7,134-22.4\tc21.2-8.1,52.2-18.2,79.7-24.2C399.3,7.9,411.6,7.5,421.9,6.5z\"\/>\n<\/svg>\t\t<\/div>\n\t\t\t\t\t<div class=\"elementor-container elementor-column-gap-default\">\n\t\t\t\t\t<div class=\"elementor-column elementor-col-100 elementor-top-column elementor-element elementor-element-25904165\" data-id=\"25904165\" data-element_type=\"column\">\n\t\t\t<div class=\"elementor-widget-wrap elementor-element-populated\">\n\t\t\t\t\t\t<div class=\"elementor-element elementor-element-218ef851 elementor-widget elementor-widget-heading\" data-id=\"218ef851\" data-element_type=\"widget\" data-widget_type=\"heading.default\">\n\t\t\t\t<div class=\"elementor-widget-container\">\n\t\t\t\t\t<h1 class=\"elementor-heading-title elementor-size-default\">Presentation<\/h1>\t\t\t\t<\/div>\n\t\t\t\t<\/div>\n\t\t\t\t<div class=\"elementor-element elementor-element-5735a0b5 elementor-widget elementor-widget-heading\" data-id=\"5735a0b5\" data-element_type=\"widget\" data-widget_type=\"heading.default\">\n\t\t\t\t<div class=\"elementor-widget-container\">\n\t\t\t\t\t<h3 class=\"elementor-heading-title elementor-size-default\">Texto de exemplo<\/h3>\t\t\t\t<\/div>\n\t\t\t\t<\/div>\n\t\t\t\t\t<\/div>\n\t\t<\/div>\n\t\t\t\t\t<\/div>\n\t\t<\/section>\n\t\t\t\t<section class=\"elementor-section elementor-top-section elementor-element elementor-element-2d685326 elementor-section-boxed elementor-section-height-default elementor-section-height-default\" data-id=\"2d685326\" data-element_type=\"section\" data-settings=\"{&quot;background_background&quot;:&quot;classic&quot;}\">\n\t\t\t\t\t\t\t<div class=\"elementor-background-overlay\"><\/div>\n\t\t\t\t\t\t\t<div class=\"elementor-container elementor-column-gap-default\">\n\t\t\t\t\t<div class=\"elementor-column elementor-col-50 elementor-top-column elementor-element elementor-element-18a43034\" data-id=\"18a43034\" data-element_type=\"column\">\n\t\t\t<div class=\"elementor-widget-wrap elementor-element-populated\">\n\t\t\t\t\t\t<div class=\"elementor-element elementor-element-279d1ef5 elementor-widget elementor-widget-heading\" data-id=\"279d1ef5\" data-element_type=\"widget\" data-widget_type=\"heading.default\">\n\t\t\t\t<div class=\"elementor-widget-container\">\n\t\t\t\t\t<h2 class=\"elementor-heading-title elementor-size-default\">Como come\u00e7ou o myProgastro<\/h2>\t\t\t\t<\/div>\n\t\t\t\t<\/div>\n\t\t\t\t<div class=\"elementor-element elementor-element-238a6d1a elementor-widget elementor-widget-text-editor\" data-id=\"238a6d1a\" data-element_type=\"widget\" data-widget_type=\"text-editor.default\">\n\t\t\t\t<div class=\"elementor-widget-container\">\n\t\t\t\t\t\t\t\t\t<p>A primeira vers\u00e3o do Progastro foi desenvolvida em 2003 com a valiosa colabora\u00e7\u00e3o dos Drs. Ant\u00f3nio Marques e Carlos Noronha Ferreira. Essa vers\u00e3o evoluiu naturalmente, resultando no\u00a0<strong>myProgastro<\/strong>, um novo sistema projetado com a mais recente e moderna tecnologia, especificamente para atender \u00e0s necessidades dos profissionais de gastroenterologia.<\/p><p>Com uma ampla gama de recursos avan\u00e7ados, o\u00a0<strong>myProgastro<\/strong>\u00a0oferece uma experi\u00eancia \u00fanica e eficiente, permitindo a otimiza\u00e7\u00e3o das pr\u00e1ticas cl\u00ednicas e aprimorando o atendimento aos pacientes. Proporciona flexibilidade para atender \u00e0s necessidades da sua unidade de sa\u00fade, podendo ser contratado na modalidade SaaS (Software as a Service), o que oferece vantagens como acesso r\u00e1pido e escal\u00e1vel, manuten\u00e7\u00e3o simplificada e atualiza\u00e7\u00f5es autom\u00e1ticas.<\/p>\t\t\t\t\t\t\t\t<\/div>\n\t\t\t\t<\/div>\n\t\t\t\t<div class=\"elementor-element elementor-element-56827db1 elementor-widget elementor-widget-text-editor\" data-id=\"56827db1\" data-element_type=\"widget\" data-widget_type=\"text-editor.default\">\n\t\t\t\t<div class=\"elementor-widget-container\">\n\t\t\t\t\t\t\t\t\t<p>Al\u00e9m disso, caso prefira, tamb\u00e9m oferecemos a op\u00e7\u00e3o de aquisi\u00e7\u00e3o e instala\u00e7\u00e3o nos seus servidores locais (on-premise), garantindo total controle e personaliza\u00e7\u00e3o do sistema de acordo com suas exig\u00eancias espec\u00edficas.<\/p>\t\t\t\t\t\t\t\t<\/div>\n\t\t\t\t<\/div>\n\t\t\t\t\t<\/div>\n\t\t<\/div>\n\t\t\t\t<div class=\"elementor-column elementor-col-50 elementor-top-column elementor-element elementor-element-3db0c705\" data-id=\"3db0c705\" data-element_type=\"column\">\n\t\t\t<div class=\"elementor-widget-wrap elementor-element-populated\">\n\t\t\t\t\t\t<div class=\"elementor-element elementor-element-1c042dcc elementor-widget elementor-widget-image\" data-id=\"1c042dcc\" data-element_type=\"widget\" data-settings=\"{&quot;motion_fx_motion_fx_scrolling&quot;:&quot;yes&quot;,&quot;motion_fx_translateY_effect&quot;:&quot;yes&quot;,&quot;motion_fx_translateY_speed&quot;:{&quot;unit&quot;:&quot;px&quot;,&quot;size&quot;:&quot;1&quot;,&quot;sizes&quot;:[]},&quot;motion_fx_translateY_affectedRange&quot;:{&quot;unit&quot;:&quot;%&quot;,&quot;size&quot;:&quot;&quot;,&quot;sizes&quot;:{&quot;start&quot;:0,&quot;end&quot;:100}},&quot;motion_fx_devices&quot;:[&quot;desktop&quot;,&quot;tablet&quot;,&quot;mobile&quot;]}\" data-widget_type=\"image.default\">\n\t\t\t\t<div class=\"elementor-widget-container\">\n\t\t\t\t\t\t\t\t\t\t\t\t\t\t\t<img fetchpriority=\"high\" decoding=\"async\" width=\"800\" height=\"533\" src=\"https:\/\/myprogastro.com\/wp-content\/uploads\/2024\/05\/team_myprogastro.png\" class=\"attachment-full size-full wp-image-3798\" alt=\"myProgastro software gastroenterologia\" srcset=\"https:\/\/myprogastro.com\/wp-content\/uploads\/2024\/05\/team_myprogastro.png 800w, https:\/\/myprogastro.com\/wp-content\/uploads\/2024\/05\/team_myprogastro-300x200.png 300w, https:\/\/myprogastro.com\/wp-content\/uploads\/2024\/05\/team_myprogastro-768x512.png 768w\" sizes=\"(max-width: 800px) 100vw, 800px\" \/>\t\t\t\t\t\t\t\t\t\t\t\t\t\t\t<\/div>\n\t\t\t\t<\/div>\n\t\t\t\t\t<\/div>\n\t\t<\/div>\n\t\t\t\t\t<\/div>\n\t\t<\/section>\n\t\t\t\t<section class=\"elementor-section elementor-top-section elementor-element elementor-element-7ecadff8 elementor-section-boxed elementor-section-height-default elementor-section-height-default\" data-id=\"7ecadff8\" data-element_type=\"section\" data-settings=\"{&quot;background_background&quot;:&quot;gradient&quot;,&quot;shape_divider_top&quot;:&quot;waves&quot;}\">\n\t\t\t\t\t\t\t<div class=\"elementor-background-overlay\"><\/div>\n\t\t\t\t\t\t<div class=\"elementor-shape elementor-shape-top\" aria-hidden=\"true\" data-negative=\"false\">\n\t\t\t<svg xmlns=\"http:\/\/www.w3.org\/2000\/svg\" viewbox=\"0 0 1000 100\" preserveaspectratio=\"none\">\n\t<path class=\"elementor-shape-fill\" d=\"M421.9,6.5c22.6-2.5,51.5,0.4,75.5,5.3c23.6,4.9,70.9,23.5,100.5,35.7c75.8,32.2,133.7,44.5,192.6,49.7\tc23.6,2.1,48.7,3.5,103.4-2.5c54.7-6,106.2-25.6,106.2-25.6V0H0v30.3c0,0,72,32.6,158.4,30.5c39.2-0.7,92.8-6.7,134-22.4\tc21.2-8.1,52.2-18.2,79.7-24.2C399.3,7.9,411.6,7.5,421.9,6.5z\"\/>\n<\/svg>\t\t<\/div>\n\t\t\t\t\t<div class=\"elementor-container elementor-column-gap-default\">\n\t\t\t\t\t<div class=\"elementor-column elementor-col-50 elementor-top-column elementor-element elementor-element-53a6f3b2\" data-id=\"53a6f3b2\" data-element_type=\"column\">\n\t\t\t<div class=\"elementor-widget-wrap elementor-element-populated\">\n\t\t\t\t\t\t<div class=\"elementor-element elementor-element-64f90a84 elementor-widget elementor-widget-heading\" data-id=\"64f90a84\" data-element_type=\"widget\" data-widget_type=\"heading.default\">\n\t\t\t\t<div class=\"elementor-widget-container\">\n\t\t\t\t\t<h4 class=\"elementor-heading-title elementor-size-default\">Contacte-nos<\/h4>\t\t\t\t<\/div>\n\t\t\t\t<\/div>\n\t\t\t\t<div class=\"elementor-element elementor-element-73f2c5c0 elementor-widget elementor-widget-heading\" data-id=\"73f2c5c0\" data-element_type=\"widget\" data-widget_type=\"heading.default\">\n\t\t\t\t<div class=\"elementor-widget-container\">\n\t\t\t\t\t<h2 class=\"elementor-heading-title elementor-size-default\">Estamos aqui para o ajudar!\nSe tiver alguma d\u00favida, sugest\u00e3o ou precisar de suporte, entre em contacto connosco.<\/h2>\t\t\t\t<\/div>\n\t\t\t\t<\/div>\n\t\t\t\t<div class=\"elementor-element elementor-element-695cc8cb elementor-tablet-align-center elementor-widget elementor-widget-button\" data-id=\"695cc8cb\" data-element_type=\"widget\" data-widget_type=\"button.default\">\n\t\t\t\t<div class=\"elementor-widget-container\">\n\t\t\t\t\t\t\t\t\t<div class=\"elementor-button-wrapper\">\n\t\t\t\t\t<a class=\"elementor-button elementor-button-link elementor-size-md\" href=\"mailto:info@myprogastro.com\">\n\t\t\t\t\t\t<span class=\"elementor-button-content-wrapper\">\n\t\t\t\t\t\t<span class=\"elementor-button-icon\">\n\t\t\t\t<svg aria-hidden=\"true\" class=\"e-font-icon-svg e-fas-arrow-right\" viewbox=\"0 0 448 512\" xmlns=\"http:\/\/www.w3.org\/2000\/svg\"><path d=\"M190.5 66.9l22.2-22.2c9.4-9.4 24.6-9.4 33.9 0L441 239c9.4 9.4 9.4 24.6 0 33.9L246.6 467.3c-9.4 9.4-24.6 9.4-33.9 0l-22.2-22.2c-9.5-9.5-9.3-25 .4-34.3L311.4 296H24c-13.3 0-24-10.7-24-24v-32c0-13.3 10.7-24 24-24h287.4L190.9 101.2c-9.8-9.3-10-24.8-.4-34.3z\"><\/path><\/svg>\t\t\t<\/span>\n\t\t\t\t\t\t\t\t\t<span class=\"elementor-button-text\">Enviar e-mail | info@myprogastro.com<\/span>\n\t\t\t\t\t<\/span>\n\t\t\t\t\t<\/a>\n\t\t\t\t<\/div>\n\t\t\t\t\t\t\t\t<\/div>\n\t\t\t\t<\/div>\n\t\t\t\t\t<\/div>\n\t\t<\/div>\n\t\t\t\t<div class=\"elementor-column elementor-col-50 elementor-top-column elementor-element elementor-element-4e71b403\" data-id=\"4e71b403\" data-element_type=\"column\">\n\t\t\t<div class=\"elementor-widget-wrap elementor-element-populated\">\n\t\t\t\t\t\t<div class=\"elementor-element elementor-element-3f74dd2c elementor-widget elementor-widget-image\" data-id=\"3f74dd2c\" data-element_type=\"widget\" data-settings=\"{&quot;motion_fx_motion_fx_scrolling&quot;:&quot;yes&quot;,&quot;motion_fx_translateY_effect&quot;:&quot;yes&quot;,&quot;motion_fx_translateY_direction&quot;:&quot;negative&quot;,&quot;motion_fx_translateY_speed&quot;:{&quot;unit&quot;:&quot;px&quot;,&quot;size&quot;:&quot;1&quot;,&quot;sizes&quot;:[]},&quot;motion_fx_devices&quot;:[&quot;desktop&quot;,&quot;tablet&quot;],&quot;motion_fx_translateY_affectedRange&quot;:{&quot;unit&quot;:&quot;%&quot;,&quot;size&quot;:&quot;&quot;,&quot;sizes&quot;:{&quot;start&quot;:&quot;0&quot;,&quot;end&quot;:&quot;50&quot;}}}\" data-widget_type=\"image.default\">\n\t\t\t\t<div class=\"elementor-widget-container\">\n\t\t\t\t\t\t\t\t\t\t\t\t\t\t\t<img decoding=\"async\" width=\"539\" height=\"539\" src=\"https:\/\/myprogastro.com\/wp-content\/uploads\/2024\/04\/CTA-Home-page-New.png\" class=\"attachment-full size-full wp-image-2937\" alt=\"\" srcset=\"https:\/\/myprogastro.com\/wp-content\/uploads\/2024\/04\/CTA-Home-page-New.png 539w, https:\/\/myprogastro.com\/wp-content\/uploads\/2024\/04\/CTA-Home-page-New-300x300.png 300w, https:\/\/myprogastro.com\/wp-content\/uploads\/2024\/04\/CTA-Home-page-New-150x150.png 150w\" sizes=\"(max-width: 539px) 100vw, 539px\" \/>\t\t\t\t\t\t\t\t\t\t\t\t\t\t\t<\/div>\n\t\t\t\t<\/div>\n\t\t\t\t\t<\/div>\n\t\t<\/div>\n\t\t\t\t\t<\/div>\n\t\t<\/section>\n\t\t\t\t<\/div>","protected":false},"excerpt":{"rendered":"<p>Presentation Texto de exemplo Como come\u00e7ou o myProgastro A primeira vers\u00e3o do Progastro foi desenvolvida em 2003 com a valiosa colabora\u00e7\u00e3o dos Drs. Ant\u00f3nio Marques e Carlos Noronha Ferreira. Essa vers\u00e3o evoluiu naturalmente, resultando no\u00a0myProgastro, um novo sistema projetado com a mais recente e moderna tecnologia, especificamente para atender \u00e0s necessidades dos profissionais de gastroenterologia. [&hellip;]<\/p>","protected":false},"author":2,"featured_media":0,"parent":0,"menu_order":0,"comment_status":"closed","ping_status":"closed","template":"","meta":{"footnotes":""},"class_list":["post-4453","page","type-page","status-publish","hentry"],"yoast_head":"<!-- This site is optimized with the Yoast SEO Premium plugin v25.3.1 (Yoast SEO v25.4) - https:\/\/yoast.com\/wordpress\/plugins\/seo\/ -->\r\n<title>Presentation<\/title>\r\n<meta name=\"robots\" content=\"index, follow, max-snippet:-1, max-image-preview:large, max-video-preview:-1\" \/>\r\n<link rel=\"canonical\" href=\"https:\/\/myprogastro.com\/pt_br\/presentation\/\" \/>\r\n<meta property=\"og:locale\" content=\"pt_BR\" \/>\r\n<meta property=\"og:type\" content=\"article\" \/>\r\n<meta property=\"og:title\" content=\"Presentation\" \/>\r\n<meta property=\"og:description\" content=\"Presentation Texto de exemplo Como come\u00e7ou o myProgastro A primeira vers\u00e3o do Progastro foi desenvolvida em 2003 com a valiosa colabora\u00e7\u00e3o dos Drs. Ant\u00f3nio Marques e Carlos Noronha Ferreira. Essa vers\u00e3o evoluiu naturalmente, resultando no\u00a0myProgastro, um novo sistema projetado com a mais recente e moderna tecnologia, especificamente para atender \u00e0s necessidades dos profissionais de gastroenterologia. [&hellip;]\" \/>\r\n<meta property=\"og:url\" content=\"https:\/\/myprogastro.com\/pt_br\/presentation\/\" \/>\r\n<meta property=\"og:site_name\" content=\"myProgastro\" \/>\r\n<meta property=\"article:publisher\" content=\"https:\/\/www.facebook.com\/myProgastro\" \/>\r\n<meta property=\"article:modified_time\" content=\"2024-06-08T19:56:05+00:00\" \/>\r\n<meta property=\"og:image\" content=\"https:\/\/myprogastro.com\/wp-content\/uploads\/2024\/05\/About.jpg\" \/>\r\n\t<meta property=\"og:image:width\" content=\"400\" \/>\r\n\t<meta property=\"og:image:height\" content=\"380\" \/>\r\n\t<meta property=\"og:image:type\" content=\"image\/jpeg\" \/>\r\n<meta name=\"twitter:card\" content=\"summary_large_image\" \/>\r\n<meta name=\"twitter:label1\" content=\"Est. tempo de leitura\" \/>\n\t<meta name=\"twitter:data1\" content=\"1 minuto\" \/>\r\n<script type=\"application\/ld+json\" class=\"yoast-schema-graph\">{\"@context\":\"https:\/\/schema.org\",\"@graph\":[{\"@type\":\"WebPage\",\"@id\":\"https:\/\/myprogastro.com\/presentation\/\",\"url\":\"https:\/\/myprogastro.com\/presentation\/\",\"name\":\"Presentation\",\"isPartOf\":{\"@id\":\"https:\/\/myprogastro.com\/#website\"},\"primaryImageOfPage\":{\"@id\":\"https:\/\/myprogastro.com\/presentation\/#primaryimage\"},\"image\":{\"@id\":\"https:\/\/myprogastro.com\/presentation\/#primaryimage\"},\"thumbnailUrl\":\"https:\/\/myprogastro.com\/wp-content\/uploads\/2024\/05\/team_myprogastro.png\",\"datePublished\":\"2024-06-08T19:54:19+00:00\",\"dateModified\":\"2024-06-08T19:56:05+00:00\",\"breadcrumb\":{\"@id\":\"https:\/\/myprogastro.com\/presentation\/#breadcrumb\"},\"inLanguage\":\"pt-BR\",\"potentialAction\":[{\"@type\":\"ReadAction\",\"target\":[\"https:\/\/myprogastro.com\/presentation\/\"]}]},{\"@type\":\"ImageObject\",\"inLanguage\":\"pt-BR\",\"@id\":\"https:\/\/myprogastro.com\/presentation\/#primaryimage\",\"url\":\"https:\/\/myprogastro.com\/wp-content\/uploads\/2024\/05\/team_myprogastro.png\",\"contentUrl\":\"https:\/\/myprogastro.com\/wp-content\/uploads\/2024\/05\/team_myprogastro.png\"},{\"@type\":\"BreadcrumbList\",\"@id\":\"https:\/\/myprogastro.com\/presentation\/#breadcrumb\",\"itemListElement\":[{\"@type\":\"ListItem\",\"position\":1,\"name\":\"Home\",\"item\":\"https:\/\/myprogastro.com\/\"},{\"@type\":\"ListItem\",\"position\":2,\"name\":\"Presentation\"}]},{\"@type\":\"WebSite\",\"@id\":\"https:\/\/myprogastro.com\/#website\",\"url\":\"https:\/\/myprogastro.com\/\",\"name\":\"myProgastro Gastroenterology Software\",\"description\":\"A solu\u00e7\u00e3o SaaS para gastroenterologia na cloud!\",\"publisher\":{\"@id\":\"https:\/\/myprogastro.com\/#organization\"},\"potentialAction\":[{\"@type\":\"SearchAction\",\"target\":{\"@type\":\"EntryPoint\",\"urlTemplate\":\"https:\/\/myprogastro.com\/?s={search_term_string}\"},\"query-input\":{\"@type\":\"PropertyValueSpecification\",\"valueRequired\":true,\"valueName\":\"search_term_string\"}}],\"inLanguage\":\"pt-BR\"},{\"@type\":\"Organization\",\"@id\":\"https:\/\/myprogastro.com\/#organization\",\"name\":\"myProgastro\",\"url\":\"https:\/\/myprogastro.com\/\",\"logo\":{\"@type\":\"ImageObject\",\"inLanguage\":\"pt-BR\",\"@id\":\"https:\/\/myprogastro.com\/#\/schema\/logo\/image\/\",\"url\":\"https:\/\/myprogastro.com\/wp-content\/uploads\/2024\/06\/android-chrome-192x192-1.png\",\"contentUrl\":\"https:\/\/myprogastro.com\/wp-content\/uploads\/2024\/06\/android-chrome-192x192-1.png\",\"width\":192,\"height\":192,\"caption\":\"myProgastro\"},\"image\":{\"@id\":\"https:\/\/myprogastro.com\/#\/schema\/logo\/image\/\"},\"sameAs\":[\"https:\/\/www.facebook.com\/myProgastro\",\"https:\/\/www.linkedin.com\/company\/myprogastro\",\"https:\/\/www.instagram.com\/myprogastro\/\"],\"publishingPrinciples\":\"https:\/\/myprogastro.com\/\"}]}<\/script>\r\n<!-- \/ Yoast SEO Premium plugin. -->","yoast_head_json":{"title":"Presentation","robots":{"index":"index","follow":"follow","max-snippet":"max-snippet:-1","max-image-preview":"max-image-preview:large","max-video-preview":"max-video-preview:-1"},"canonical":"https:\/\/myprogastro.com\/pt_br\/presentation\/","og_locale":"pt_BR","og_type":"article","og_title":"Presentation","og_description":"Presentation Texto de exemplo Como come\u00e7ou o myProgastro A primeira vers\u00e3o do Progastro foi desenvolvida em 2003 com a valiosa colabora\u00e7\u00e3o dos Drs. Ant\u00f3nio Marques e Carlos Noronha Ferreira. Essa vers\u00e3o evoluiu naturalmente, resultando no\u00a0myProgastro, um novo sistema projetado com a mais recente e moderna tecnologia, especificamente para atender \u00e0s necessidades dos profissionais de gastroenterologia. [&hellip;]","og_url":"https:\/\/myprogastro.com\/pt_br\/presentation\/","og_site_name":"myProgastro","article_publisher":"https:\/\/www.facebook.com\/myProgastro","article_modified_time":"2024-06-08T19:56:05+00:00","og_image":[{"width":400,"height":380,"url":"https:\/\/myprogastro.com\/wp-content\/uploads\/2024\/05\/About.jpg","type":"image\/jpeg"}],"twitter_card":"summary_large_image","twitter_misc":{"Est. tempo de leitura":"1 minuto"},"schema":{"@context":"https:\/\/schema.org","@graph":[{"@type":"WebPage","@id":"https:\/\/myprogastro.com\/presentation\/","url":"https:\/\/myprogastro.com\/presentation\/","name":"Presentation","isPartOf":{"@id":"https:\/\/myprogastro.com\/#website"},"primaryImageOfPage":{"@id":"https:\/\/myprogastro.com\/presentation\/#primaryimage"},"image":{"@id":"https:\/\/myprogastro.com\/presentation\/#primaryimage"},"thumbnailUrl":"https:\/\/myprogastro.com\/wp-content\/uploads\/2024\/05\/team_myprogastro.png","datePublished":"2024-06-08T19:54:19+00:00","dateModified":"2024-06-08T19:56:05+00:00","breadcrumb":{"@id":"https:\/\/myprogastro.com\/presentation\/#breadcrumb"},"inLanguage":"pt-BR","potentialAction":[{"@type":"ReadAction","target":["https:\/\/myprogastro.com\/presentation\/"]}]},{"@type":"ImageObject","inLanguage":"pt-BR","@id":"https:\/\/myprogastro.com\/presentation\/#primaryimage","url":"https:\/\/myprogastro.com\/wp-content\/uploads\/2024\/05\/team_myprogastro.png","contentUrl":"https:\/\/myprogastro.com\/wp-content\/uploads\/2024\/05\/team_myprogastro.png"},{"@type":"BreadcrumbList","@id":"https:\/\/myprogastro.com\/presentation\/#breadcrumb","itemListElement":[{"@type":"ListItem","position":1,"name":"Home","item":"https:\/\/myprogastro.com\/"},{"@type":"ListItem","position":2,"name":"Presentation"}]},{"@type":"WebSite","@id":"https:\/\/myprogastro.com\/#website","url":"https:\/\/myprogastro.com\/","name":"myProgastro Gastroenterology Software","description":"A solu\u00e7\u00e3o SaaS para gastroenterologia na cloud!","publisher":{"@id":"https:\/\/myprogastro.com\/#organization"},"potentialAction":[{"@type":"SearchAction","target":{"@type":"EntryPoint","urlTemplate":"https:\/\/myprogastro.com\/?s={search_term_string}"},"query-input":{"@type":"PropertyValueSpecification","valueRequired":true,"valueName":"search_term_string"}}],"inLanguage":"pt-BR"},{"@type":"Organization","@id":"https:\/\/myprogastro.com\/#organization","name":"myProgastro","url":"https:\/\/myprogastro.com\/","logo":{"@type":"ImageObject","inLanguage":"pt-BR","@id":"https:\/\/myprogastro.com\/#\/schema\/logo\/image\/","url":"https:\/\/myprogastro.com\/wp-content\/uploads\/2024\/06\/android-chrome-192x192-1.png","contentUrl":"https:\/\/myprogastro.com\/wp-content\/uploads\/2024\/06\/android-chrome-192x192-1.png","width":192,"height":192,"caption":"myProgastro"},"image":{"@id":"https:\/\/myprogastro.com\/#\/schema\/logo\/image\/"},"sameAs":["https:\/\/www.facebook.com\/myProgastro","https:\/\/www.linkedin.com\/company\/myprogastro","https:\/\/www.instagram.com\/myprogastro\/"],"publishingPrinciples":"https:\/\/myprogastro.com\/"}]}},"_links":{"self":[{"href":"https:\/\/myprogastro.com\/pt_br\/wp-json\/wp\/v2\/pages\/4453","targetHints":{"allow":["GET"]}}],"collection":[{"href":"https:\/\/myprogastro.com\/pt_br\/wp-json\/wp\/v2\/pages"}],"about":[{"href":"https:\/\/myprogastro.com\/pt_br\/wp-json\/wp\/v2\/types\/page"}],"author":[{"embeddable":true,"href":"https:\/\/myprogastro.com\/pt_br\/wp-json\/wp\/v2\/users\/2"}],"replies":[{"embeddable":true,"href":"https:\/\/myprogastro.com\/pt_br\/wp-json\/wp\/v2\/comments?post=4453"}],"version-history":[{"count":4,"href":"https:\/\/myprogastro.com\/pt_br\/wp-json\/wp\/v2\/pages\/4453\/revisions"}],"predecessor-version":[{"id":4457,"href":"https:\/\/myprogastro.com\/pt_br\/wp-json\/wp\/v2\/pages\/4453\/revisions\/4457"}],"wp:attachment":[{"href":"https:\/\/myprogastro.com\/pt_br\/wp-json\/wp\/v2\/media?parent=4453"}],"curies":[{"name":"wp","href":"https:\/\/api.w.org\/{rel}","templated":true}]}}